{"id":479,"date":"2017-07-18T16:52:16","date_gmt":"2017-07-18T13:52:16","guid":{"rendered":"http:\/\/www.ebms.com.br\/novo\/?page_id=479"},"modified":"2024-06-07T20:07:45","modified_gmt":"2024-06-07T17:07:45","slug":"plataforma-de-software-ebms","status":"publish","type":"page","link":"https:\/\/www.ebms.com.br\/novo\/ebms-o-que-e\/plataforma-de-software-ebms\/","title":{"rendered":"Plataforma de Software EBMS"},"content":{"rendered":"<h4>Caracter\u00edsticas da Plataforma de Software EBMS:<\/h4>\n<p>1 &#8211; Dispon\u00edvel para sistemas operacionais Windows, Linux e Unixebms_login_v2<\/p>\n<p>2 &#8211; Integra-se com qualquer ERP de mercado atrav\u00e9s de Webservices e\/ou rotinas SQL<\/p>\n<p>3 &#8211; Licen\u00e7a de uso para servidor pr\u00f3prio do Cliente ou servidor na nuvem no modelo SaaS (Software as a Service)<\/p>\n<p>4 &#8211; Acesso de usu\u00e1rios trav\u00e9s dos navegadores IE, Chrome e Firefox<\/p>\n","protected":false},"excerpt":{"rendered":"<p>Caracter\u00edsticas da Plataforma de Software EBMS: 1 &#8211; Dispon\u00edvel para sistemas operacionais Windows, Linux e Unixebms_login_v2 2 &#8211; Integra-se com qualquer ERP de mercado atrav\u00e9s de Webservices e\/ou rotinas SQL 3 &#8211; Licen\u00e7a de uso para servidor pr\u00f3prio do Cliente ou servidor na nuvem no modelo SaaS (Software as a Service) 4 &#8211; Acesso de [&hellip;]<\/p>\n","protected":false},"author":3,"featured_media":480,"parent":591,"menu_order":0,"comment_status":"closed","ping_status":"closed","template":"page-plataforma.php","meta":{"footnotes":""},"class_list":["post-479","page","type-page","status-publish","has-post-thumbnail","hentry"],"_links":{"self":[{"href":"https:\/\/www.ebms.com.br\/novo\/wp-json\/wp\/v2\/pages\/479","targetHints":{"allow":["GET"]}}],"collection":[{"href":"https:\/\/www.ebms.com.br\/novo\/wp-json\/wp\/v2\/pages"}],"about":[{"href":"https:\/\/www.ebms.com.br\/novo\/wp-json\/wp\/v2\/types\/page"}],"author":[{"embeddable":true,"href":"https:\/\/www.ebms.com.br\/novo\/wp-json\/wp\/v2\/users\/3"}],"replies":[{"embeddable":true,"href":"https:\/\/www.ebms.com.br\/novo\/wp-json\/wp\/v2\/comments?post=479"}],"version-history":[{"count":2,"href":"https:\/\/www.ebms.com.br\/novo\/wp-json\/wp\/v2\/pages\/479\/revisions"}],"predecessor-version":[{"id":597,"href":"https:\/\/www.ebms.com.br\/novo\/wp-json\/wp\/v2\/pages\/479\/revisions\/597"}],"up":[{"embeddable":true,"href":"https:\/\/www.ebms.com.br\/novo\/wp-json\/wp\/v2\/pages\/591"}],"wp:featuredmedia":[{"embeddable":true,"href":"https:\/\/www.ebms.com.br\/novo\/wp-json\/wp\/v2\/media\/480"}],"wp:attachment":[{"href":"https:\/\/www.ebms.com.br\/novo\/wp-json\/wp\/v2\/media?parent=479"}],"curies":[{"name":"wp","href":"https:\/\/api.w.org\/{rel}","templated":true}]}}